{"id":3377,"date":"2020-03-30T11:10:26","date_gmt":"2020-03-30T08:10:26","guid":{"rendered":"http:\/\/wolkoff.fi\/?post_type=product&#038;p=3377"},"modified":"2021-01-22T09:08:17","modified_gmt":"2021-01-22T07:08:17","slug":"lahjakortti","status":"publish","type":"product","link":"https:\/\/wolkoff.fi\/en\/product\/lahjakortti\/","title":{"rendered":"Lahjakortti"},"content":{"rendered":"","protected":false},"excerpt":{"rendered":"<p>Kun lahjalla on merkityst\u00e4! T\u00e4st\u00e4 voit ostaa lahjakortin Wolkoffille.<\/p>\n<p><strong>Huom! Lahjakortti on voimassa yhden vuoden ostohetkest\u00e4. <a href=\"\/lahjakorttikaupan-sopimusehdot\/\" target=\"_blank\" rel=\"noopener\">Lue ehdot t\u00e4st\u00e4.<\/a><\/strong><\/p>\n","protected":false},"featured_media":3544,"comment_status":"closed","ping_status":"closed","template":"","meta":{"_acf_changed":false},"product_brand":[],"product_cat":[43],"product_tag":[],"giftcard-category":[],"class_list":{"0":"post-3377","1":"product","2":"type-product","3":"status-publish","4":"has-post-thumbnail","6":"product_cat-uncategorized","8":"first","9":"instock","10":"virtual","11":"purchasable","12":"product-type-gift-card"},"acf":[],"yoast_head":"<!-- This site is optimized with the Yoast SEO plugin v27.3 - https:\/\/yoast.com\/product\/yoast-seo-wordpress\/ -->\n<title>Lahjakortti Wolkoff - kun lahjalla on merkityst\u00e4<\/title>\n<meta name=\"description\" content=\"Lahjakortti Wolkoff - kun lahjalla on merkityst\u00e4. Hanki Wolkoff lahjakortti ja ilahduta sinulle t\u00e4rke\u00e4\u00e4 henkil\u00f6\u00e4. Laadukas ruoka ja juoma - Wolkoffilta.\" \/>\n<meta name=\"robots\" content=\"index, follow, max-snippet:-1, max-image-preview:large, max-video-preview:-1\" \/>\n<meta property=\"og:locale\" content=\"en_US\" \/>\n<meta property=\"og:type\" content=\"article\" \/>\n<meta property=\"og:title\" content=\"Lahjakortti Wolkoff - kun lahjalla on merkityst\u00e4\" \/>\n<meta property=\"og:description\" content=\"Lahjakortti Wolkoff - kun lahjalla on merkityst\u00e4. Hanki Wolkoff lahjakortti ja ilahduta sinulle t\u00e4rke\u00e4\u00e4 henkil\u00f6\u00e4. Laadukas ruoka ja juoma - Wolkoffilta.\" \/>\n<meta property=\"og:url\" content=\"https:\/\/wolkoff.fi\/en\/product\/lahjakortti\/\" \/>\n<meta property=\"og:site_name\" content=\"Wolkoff\" \/>\n<meta property=\"article:modified_time\" content=\"2021-01-22T07:08:17+00:00\" \/>\n<meta property=\"og:image\" content=\"https:\/\/wolkoff.fi\/wp-content\/uploads\/2020\/03\/lahjakortti_kuva.jpg\" \/>\n\t<meta property=\"og:image:width\" content=\"1661\" \/>\n\t<meta property=\"og:image:height\" content=\"827\" \/>\n\t<meta property=\"og:image:type\" content=\"image\/jpeg\" \/>\n<meta name=\"twitter:card\" content=\"summary_large_image\" \/>\n<script type=\"application\/ld+json\" class=\"yoast-schema-graph\">{\"@context\":\"https:\\\/\\\/schema.org\",\"@graph\":[{\"@type\":\"WebPage\",\"@id\":\"https:\\\/\\\/wolkoff.fi\\\/en\\\/product\\\/lahjakortti\\\/\",\"url\":\"https:\\\/\\\/wolkoff.fi\\\/en\\\/product\\\/lahjakortti\\\/\",\"name\":\"Lahjakortti Wolkoff - kun lahjalla on merkityst\u00e4\",\"isPartOf\":{\"@id\":\"https:\\\/\\\/wolkoff.fi\\\/en\\\/#website\"},\"primaryImageOfPage\":{\"@id\":\"https:\\\/\\\/wolkoff.fi\\\/en\\\/product\\\/lahjakortti\\\/#primaryimage\"},\"image\":{\"@id\":\"https:\\\/\\\/wolkoff.fi\\\/en\\\/product\\\/lahjakortti\\\/#primaryimage\"},\"thumbnailUrl\":\"https:\\\/\\\/wolkoff.fi\\\/wp-content\\\/uploads\\\/2020\\\/03\\\/lahjakortti_kuva.jpg\",\"datePublished\":\"2020-03-30T08:10:26+00:00\",\"dateModified\":\"2021-01-22T07:08:17+00:00\",\"description\":\"Lahjakortti Wolkoff - kun lahjalla on merkityst\u00e4. Hanki Wolkoff lahjakortti ja ilahduta sinulle t\u00e4rke\u00e4\u00e4 henkil\u00f6\u00e4. Laadukas ruoka ja juoma - Wolkoffilta.\",\"breadcrumb\":{\"@id\":\"https:\\\/\\\/wolkoff.fi\\\/en\\\/product\\\/lahjakortti\\\/#breadcrumb\"},\"inLanguage\":\"en-US\",\"potentialAction\":[{\"@type\":\"ReadAction\",\"target\":[\"https:\\\/\\\/wolkoff.fi\\\/en\\\/product\\\/lahjakortti\\\/\"]}]},{\"@type\":\"ImageObject\",\"inLanguage\":\"en-US\",\"@id\":\"https:\\\/\\\/wolkoff.fi\\\/en\\\/product\\\/lahjakortti\\\/#primaryimage\",\"url\":\"https:\\\/\\\/wolkoff.fi\\\/wp-content\\\/uploads\\\/2020\\\/03\\\/lahjakortti_kuva.jpg\",\"contentUrl\":\"https:\\\/\\\/wolkoff.fi\\\/wp-content\\\/uploads\\\/2020\\\/03\\\/lahjakortti_kuva.jpg\",\"width\":1661,\"height\":827},{\"@type\":\"BreadcrumbList\",\"@id\":\"https:\\\/\\\/wolkoff.fi\\\/en\\\/product\\\/lahjakortti\\\/#breadcrumb\",\"itemListElement\":[{\"@type\":\"ListItem\",\"position\":1,\"name\":\"Home\",\"item\":\"https:\\\/\\\/wolkoff.fi\\\/en\\\/\"},{\"@type\":\"ListItem\",\"position\":2,\"name\":\"Kauppa\",\"item\":\"https:\\\/\\\/wolkoff.fi\\\/kauppa\\\/\"},{\"@type\":\"ListItem\",\"position\":3,\"name\":\"Lahjakortti\"}]},{\"@type\":\"WebSite\",\"@id\":\"https:\\\/\\\/wolkoff.fi\\\/en\\\/#website\",\"url\":\"https:\\\/\\\/wolkoff.fi\\\/en\\\/\",\"name\":\"Wolkoff\",\"description\":\"\",\"potentialAction\":[{\"@type\":\"SearchAction\",\"target\":{\"@type\":\"EntryPoint\",\"urlTemplate\":\"https:\\\/\\\/wolkoff.fi\\\/en\\\/?s={search_term_string}\"},\"query-input\":{\"@type\":\"PropertyValueSpecification\",\"valueRequired\":true,\"valueName\":\"search_term_string\"}}],\"inLanguage\":\"en-US\"}]}<\/script>\n<!-- \/ Yoast SEO plugin. -->","yoast_head_json":{"title":"Lahjakortti Wolkoff - kun lahjalla on merkityst\u00e4","description":"Lahjakortti Wolkoff - kun lahjalla on merkityst\u00e4. Hanki Wolkoff lahjakortti ja ilahduta sinulle t\u00e4rke\u00e4\u00e4 henkil\u00f6\u00e4. Laadukas ruoka ja juoma - Wolkoffilta.","robots":{"index":"index","follow":"follow","max-snippet":"max-snippet:-1","max-image-preview":"max-image-preview:large","max-video-preview":"max-video-preview:-1"},"og_locale":"en_US","og_type":"article","og_title":"Lahjakortti Wolkoff - kun lahjalla on merkityst\u00e4","og_description":"Lahjakortti Wolkoff - kun lahjalla on merkityst\u00e4. Hanki Wolkoff lahjakortti ja ilahduta sinulle t\u00e4rke\u00e4\u00e4 henkil\u00f6\u00e4. Laadukas ruoka ja juoma - Wolkoffilta.","og_url":"https:\/\/wolkoff.fi\/en\/product\/lahjakortti\/","og_site_name":"Wolkoff","article_modified_time":"2021-01-22T07:08:17+00:00","og_image":[{"width":1661,"height":827,"url":"https:\/\/wolkoff.fi\/wp-content\/uploads\/2020\/03\/lahjakortti_kuva.jpg","type":"image\/jpeg"}],"twitter_card":"summary_large_image","schema":{"@context":"https:\/\/schema.org","@graph":[{"@type":"WebPage","@id":"https:\/\/wolkoff.fi\/en\/product\/lahjakortti\/","url":"https:\/\/wolkoff.fi\/en\/product\/lahjakortti\/","name":"Lahjakortti Wolkoff - kun lahjalla on merkityst\u00e4","isPartOf":{"@id":"https:\/\/wolkoff.fi\/en\/#website"},"primaryImageOfPage":{"@id":"https:\/\/wolkoff.fi\/en\/product\/lahjakortti\/#primaryimage"},"image":{"@id":"https:\/\/wolkoff.fi\/en\/product\/lahjakortti\/#primaryimage"},"thumbnailUrl":"https:\/\/wolkoff.fi\/wp-content\/uploads\/2020\/03\/lahjakortti_kuva.jpg","datePublished":"2020-03-30T08:10:26+00:00","dateModified":"2021-01-22T07:08:17+00:00","description":"Lahjakortti Wolkoff - kun lahjalla on merkityst\u00e4. Hanki Wolkoff lahjakortti ja ilahduta sinulle t\u00e4rke\u00e4\u00e4 henkil\u00f6\u00e4. Laadukas ruoka ja juoma - Wolkoffilta.","breadcrumb":{"@id":"https:\/\/wolkoff.fi\/en\/product\/lahjakortti\/#breadcrumb"},"inLanguage":"en-US","potentialAction":[{"@type":"ReadAction","target":["https:\/\/wolkoff.fi\/en\/product\/lahjakortti\/"]}]},{"@type":"ImageObject","inLanguage":"en-US","@id":"https:\/\/wolkoff.fi\/en\/product\/lahjakortti\/#primaryimage","url":"https:\/\/wolkoff.fi\/wp-content\/uploads\/2020\/03\/lahjakortti_kuva.jpg","contentUrl":"https:\/\/wolkoff.fi\/wp-content\/uploads\/2020\/03\/lahjakortti_kuva.jpg","width":1661,"height":827},{"@type":"BreadcrumbList","@id":"https:\/\/wolkoff.fi\/en\/product\/lahjakortti\/#breadcrumb","itemListElement":[{"@type":"ListItem","position":1,"name":"Home","item":"https:\/\/wolkoff.fi\/en\/"},{"@type":"ListItem","position":2,"name":"Kauppa","item":"https:\/\/wolkoff.fi\/kauppa\/"},{"@type":"ListItem","position":3,"name":"Lahjakortti"}]},{"@type":"WebSite","@id":"https:\/\/wolkoff.fi\/en\/#website","url":"https:\/\/wolkoff.fi\/en\/","name":"Wolkoff","description":"","potentialAction":[{"@type":"SearchAction","target":{"@type":"EntryPoint","urlTemplate":"https:\/\/wolkoff.fi\/en\/?s={search_term_string}"},"query-input":{"@type":"PropertyValueSpecification","valueRequired":true,"valueName":"search_term_string"}}],"inLanguage":"en-US"}]}},"_links":{"self":[{"href":"https:\/\/wolkoff.fi\/en\/wp-json\/wp\/v2\/product\/3377","targetHints":{"allow":["GET"]}}],"collection":[{"href":"https:\/\/wolkoff.fi\/en\/wp-json\/wp\/v2\/product"}],"about":[{"href":"https:\/\/wolkoff.fi\/en\/wp-json\/wp\/v2\/types\/product"}],"replies":[{"embeddable":true,"href":"https:\/\/wolkoff.fi\/en\/wp-json\/wp\/v2\/comments?post=3377"}],"wp:featuredmedia":[{"embeddable":true,"href":"https:\/\/wolkoff.fi\/en\/wp-json\/wp\/v2\/media\/3544"}],"wp:attachment":[{"href":"https:\/\/wolkoff.fi\/en\/wp-json\/wp\/v2\/media?parent=3377"}],"wp:term":[{"taxonomy":"product_brand","embeddable":true,"href":"https:\/\/wolkoff.fi\/en\/wp-json\/wp\/v2\/product_brand?post=3377"},{"taxonomy":"product_cat","embeddable":true,"href":"https:\/\/wolkoff.fi\/en\/wp-json\/wp\/v2\/product_cat?post=3377"},{"taxonomy":"product_tag","embeddable":true,"href":"https:\/\/wolkoff.fi\/en\/wp-json\/wp\/v2\/product_tag?post=3377"},{"taxonomy":"giftcard-category","embeddable":true,"href":"https:\/\/wolkoff.fi\/en\/wp-json\/wp\/v2\/giftcard-category?post=3377"}],"curies":[{"name":"wp","href":"https:\/\/api.w.org\/{rel}","templated":true}]}}